{"id":349,"date":"2024-06-13T13:49:05","date_gmt":"2024-06-13T11:49:05","guid":{"rendered":"https:\/\/www.thevenet-decolletage.fr\/de\/?page_id=349"},"modified":"2024-10-01T11:12:59","modified_gmt":"2024-10-01T09:12:59","slug":"drehen-kunststoffindustrie","status":"publish","type":"page","link":"https:\/\/www.thevenet-decolletage.fr\/de\/drehen-kunststoffindustrie\/","title":{"rendered":"Drehen f\u00fcr die Kunststoffindustrie"},"content":{"rendered":"<div class=\"wpb-content-wrapper\"><p>[vc_row][vc_column][vc_empty_space][\/vc_column][\/vc_row][vc_row el_class=&#8220;txt-blanc&#8220;][vc_column width=&#8220;1\/6&#8243;][\/vc_column][vc_column width=&#8220;2\/3&#8243;][vc_column_text css=&#8220;&#8220;]<\/p>\n<p style=\"text-align: center;\">Unsere Drehteilfertigung f\u00fcr mechanische Teile produziert Drehteile aus Stahl, Aluminium oder Messing.<\/p>\n<p style=\"text-align: center;\">Unser Know How im Bereich der Fertigung von gedrehten Verbindungsteilen wird von Eink\u00e4ufern gesch\u00e4tzt, die einen zuverl\u00e4ssigen und leistungsstarken Partner suchen, der Verbindungsst\u00fccke und Einleger fertigt, damit deren Umspritzen, Einpressen, Vernieten oder Montage optimiert wird.<\/p>\n<p>[\/vc_column_text][\/vc_column][vc_column width=&#8220;1\/6&#8243;][\/vc_column][\/vc_row][vc_row full_width=&#8220;stretch_row_content_no_spaces&#8220; el_class=&#8220;txt-blanc&#8220;][vc_column][vc_row_inner][vc_column_inner width=&#8220;1\/4&#8243;][\/vc_column_inner][vc_column_inner width=&#8220;1\/2&#8243;][vc_column_text css=&#8220;&#8220; el_class=&#8220;h2 upper habillage-trait&#8220;]<\/p>\n<h3 style=\"text-align: center;\">Ein Zulieferer f\u00fcr Verbindungs Drehteilen f\u00fcr die Industrie, Mittelserien und Gro\u03b2serien<\/h3>\n<p>[\/vc_column_text][\/vc_column_inner][vc_column_inner width=&#8220;1\/4&#8243;][\/vc_column_inner][\/vc_row_inner][vc_row_inner][vc_column_inner width=&#8220;1\/2&#8243; css=&#8220;.vc_custom_1718279399754{padding-right: 20px !important;padding-left: 20px !important;}&#8220;][vc_column_text css=&#8220;&#8220; el_class=&#8220;demi-encart demi-encart-g&#8220;]Unsere Dreherei f\u00fcr Verbindungsst\u00fccke fertigt regelm\u00e4\u03b2ig Drehteile und Verbindungsst\u00fccke f\u00fcr den Automobilzulieferbereich, die Steckverbinderindustrie, zwei anspruchsvolle Bereiche in Hinblick auf Qualit\u00e4t und Termintreue.<\/p>\n<p>Unser Know How im Drehen von Stahl-, Aluminium-, Messing- oder Edelstahlteilen sowie ein moderner Maschinenpark erm\u00f6glichen uns die Fertigung von Verbindungsteilen in Mittelserien (1000-5000 St.) oder auch Gro\u03b2serien (5000 \u2013 1 mio St.).<\/p>\n<p>Die Qualit\u00e4t der von uns gefertigten Distanzst\u00fccke und Einleger wird ausf\u00fchrlich von unseren Mitarbeitern kontrolliert, damit die Teile den Anspr\u00fcchen der verschiedenen Bestimmungsindustrien Gerecht werden.<\/p>\n<p>Die Eink\u00e4ufer der Automotive oder Steckverbinder Industrien arbeiten mit uns zusammen, da sie unser Know How im Bereich der Fertigung von Stahlverbindungsteilen f\u00fcr Hybridbauteile sch\u00e4tzen.[\/vc_column_text][\/vc_column_inner][vc_column_inner width=&#8220;1\/2&#8243;][vc_single_image image=&#8220;352&#8243; img_size=&#8220;full&#8220; alignment=&#8220;center&#8220; css_animation=&#8220;fadeInRight&#8220; css=&#8220;&#8220;][\/vc_column_inner][\/vc_row_inner][\/vc_column][\/vc_row][vc_row full_width=&#8220;stretch_row_content_no_spaces&#8220; el_class=&#8220;mask-encart-full mask-encart-full-grande-taille&#8220;][vc_column][vc_row_inner][vc_column_inner width=&#8220;1\/4&#8243;][\/vc_column_inner][vc_column_inner width=&#8220;1\/2&#8243;][vc_column_text css=&#8220;&#8220; el_class=&#8220;h2 upper habillage-trait&#8220;]<\/p>\n<h3 style=\"text-align: center;\">Ein Hersteller, der innovative L\u00f6sungen aus allen Werkstoffen f\u00fcr Montage- oder Befestigungsfragen bietet<\/h3>\n<p>[\/vc_column_text][vc_column_text css=&#8220;&#8220;]<\/p>\n<p style=\"text-align: center;\">Wir bieten nicht nur Standardfertigungen von Verbindungen und Sonderverbindungen, sondern vor Allem auch Sonderl\u00f6sungen dank innovativer Gemeinschaftsentwicklungen.<\/p>\n<p>Wie bieten ein weit gef\u00e4chertes Spektrum von industriellen Verbindungsteilen oder Einlegeteilen in verschiedensten Ausf\u00fchrungen und Endbearbeitungen.[\/vc_column_text][\/vc_column_inner][vc_column_inner width=&#8220;1\/4&#8243;][\/vc_column_inner][\/vc_row_inner][vc_row_inner][vc_column_inner width=&#8220;1\/2&#8243;][vc_single_image image=&#8220;353&#8243; img_size=&#8220;full&#8220; alignment=&#8220;center&#8220; css_animation=&#8220;fadeInLeft&#8220; css=&#8220;&#8220;][\/vc_column_inner][vc_column_inner width=&#8220;1\/2&#8243; css=&#8220;.vc_custom_1718282701570{padding-right: 20px !important;padding-left: 20px !important;}&#8220;][vc_column_text css=&#8220;&#8220; el_class=&#8220;demi-encart demi-encart-d&#8220;]<u>Beispiele von Einlegern, die wir regelm\u00e4\u03b2ig fertigen:<\/u><\/p>\n<ul>\n<li><strong>Drehen von Einlegern f\u00fcr Ultraschall, aus Messing oder Edelstahl, zum einlegen in Thermoplastik<\/strong>,<\/li>\n<li><strong>\u00a0Messing- und Aluminiumeinpressinserts f\u00fcr Thermoplastik Werkstoffe, Inserts mit oder ohne Kopf<\/strong><\/li>\n<li><strong>Drehen von Edelstahl Inserts f\u00fcr amorphe Kunstoffe<\/strong>, mit gerundetem\u00a0<strong>R\u00e4ndel<\/strong><\/li>\n<li><strong>Sondereinlegeteile<\/strong>\u00a0aus Messing f\u00fcr\u00a0<strong>Hartplastik<\/strong>,<\/li>\n<li>Spanende Fertigung von Einlegern mit\u00a0<strong>selbstschneidendem<\/strong>\u00a0<strong>Gewinde<\/strong>, f\u00fcr\u00a0<strong>Thermoplastik<\/strong>\u00a0und\u00a0<strong>\u00a0Duroplast Anwendungen<\/strong>,<\/li>\n<li><strong>Einleger zum Einpressen,<\/strong><\/li>\n<li>Drehen von\u00a0<strong>Stiftschrauben zum Einpressen<\/strong>,<\/li>\n<li>Drehen von Nieten<\/li>\n<li>etc\u2026<\/li>\n<\/ul>\n<p>[\/vc_column_text][\/vc_column_inner][\/vc_row_inner][\/vc_column][\/vc_row][vc_row el_class=&#8220;encart-devis txt-blanc&#8220;][vc_column][vc_column_text css=&#8220;&#8220; el_class=&#8220;h1 upper&#8220;]<\/p>\n<p style=\"text-align: center;\"><span class=\"fort\">F\u00fcr alle Fragen und Angebotsanfragen<\/span><\/p>\n<p>[\/vc_column_text][vc_btn title=&#8220;Kontakt&#8220; style=&#8220;custom&#8220; custom_background=&#8220;#fee15e&#8220; custom_text=&#8220;#000000&#8243; shape=&#8220;square&#8220; align=&#8220;center&#8220; css=&#8220;&#8220; link=&#8220;url:%2Fkontakt&#8220; el_class=&#8220;btn-savoir-plus btn-jaune&#8220;][\/vc_column][\/vc_row][vc_row][vc_column][vc_empty_space][\/vc_column][\/vc_row][vc_row full_width=&#8220;stretch_row_content_no_spaces&#8220; el_class=&#8220;txt-blanc&#8220;][vc_column][vc_row_inner][vc_column_inner width=&#8220;1\/4&#8243;][\/vc_column_inner][vc_column_inner width=&#8220;1\/2&#8243;][vc_column_text css=&#8220;&#8220; el_class=&#8220;h2 upper habillage-trait&#8220;]<\/p>\n<h3 style=\"text-align: center;\">Einlegerfertigung zum Umspritzen in der Kunststoffindustrie<\/h3>\n<p>[\/vc_column_text][vc_column_text css=&#8220;&#8220;]<\/p>\n<p style=\"text-align: center;\">Unsere Dreherei fertigt f\u00fcr die Metall sowie Plastik Montage extrem haltende Verbindungsteile, deren Einsetzen in verdeckter Zeit und w\u00e4hrend dem Umspritzen stattfinden kann.<\/p>\n<p>[\/vc_column_text][\/vc_column_inner][vc_column_inner width=&#8220;1\/4&#8243;][\/vc_column_inner][\/vc_row_inner][vc_row_inner][vc_column_inner width=&#8220;1\/2&#8243; css=&#8220;.vc_custom_1718279419443{padding-right: 20px !important;padding-left: 20px !important;}&#8220;][vc_column_text css=&#8220;&#8220; el_class=&#8220;demi-encart demi-encart-g&#8220;]Unser Werk produziert Einleger f\u00fcr das Umspritzen im Automobil und Kunststoffbereich.<\/p>\n<p><u>Beispiele von Kunststoffeinlegern, die wir regelm\u00e4\u03b2ig fertigen:<\/u><\/p>\n<ul>\n<li><strong>Drehen von Blindeinlegern<\/strong>\u00a0aus Messing, zum Umspritzen,<\/li>\n<li><strong>Gewindeinleger Drehen<\/strong>\u00a0aus Messing zum Umspritzen,<\/li>\n<li><strong>Drehen von Muttern zum Einlegen in Plastik<\/strong>, Sechskantmutter, verzinkt<\/li>\n<li>Drehen von\u00a0<strong>Blindeinlagern mit Gewinde, Messing, zum Umspritzen<\/strong><\/li>\n<li><strong>Blindloch Einleger Zerspanen<\/strong>, zum\u00a0<strong>Umspritzen<\/strong><\/li>\n<li>Drehen von\u00a0<strong>DIN<\/strong>\u00a0<strong>Inserts<\/strong>\u00a0zum \u00a0<strong>Umspritzen<\/strong>,<\/li>\n<\/ul>\n<p>[\/vc_column_text][\/vc_column_inner][vc_column_inner width=&#8220;1\/2&#8243; css=&#8220;.vc_custom_1718279424963{padding-right: 20px !important;padding-left: 20px !important;}&#8220;][vc_column_text css=&#8220;&#8220; el_class=&#8220;demi-encart demi-encart-d&#8220;]<\/p>\n<div class=\"vc_row wpb_row vc_row-fluid\">\n<div class=\"wpb_column vc_column_container vc_col-sm-12\">\n<div class=\"vc_column-inner \">\n<div class=\"wpb_wrapper\">\n<div class=\"wpb_text_column wpb_content_element \">\n<div class=\"wpb_wrapper\">\n<div class=\"wpb_row vc_row vc_row-fluid mk-fullwidth-false attched-false vc_row-fluid\">\n<div class=\"vc_col-sm-12 wpb_column column_container \">\n<div class=\"mk-text-block \">\n<p>Wir stehen zu Ihrer Verf\u00fcgung, um Kunststoffeinlegeteile nach Zeichnung zu drehen. Wir bieten Sonderl\u00f6sungen f\u00fcr gedrehte Verbindungsteile.<\/p>\n<\/div>\n<\/div>\n<\/div>\n<div class=\"wpb_row vc_row vc_row-fluid mk-fullwidth-false attched-false vc_row-fluid\">\n<div class=\"vc_col-sm-12 wpb_column column_container \">\n<div class=\"mk-text-block \">\n<p>Sie suchen einen Lieferanten f\u00fcr gedrehte industrielle Verbindungsteile und Einlegeteile f\u00fcr die Spritzgussindustrie. Kontaktieren Sie uns unter +33\/ 4 50 58 25 01 oder \u00fcber unser\u00a0<a href=\"\/kontakt\">Kontaktformular<\/a>.<\/p>\n<p>Unser Team steht Ihnen gerne zur Verf\u00fcgung, um Ihren Bedarf von Einlegeteilen zum Umspritzen zu besprechen.<\/p>\n<\/div>\n<\/div>\n<\/div>\n<\/div>\n<\/div>\n<\/div>\n<\/div>\n<\/div>\n<\/div>\n<p>[\/vc_column_text][\/vc_column_inner][\/vc_row_inner][\/vc_column][\/vc_row]<\/p>\n<\/div>","protected":false},"excerpt":{"rendered":"<p>[vc_row][vc_column][vc_empty_space][\/vc_column][\/vc_row][vc_row el_class=&#8220;txt-blanc&#8220;][vc_column width=&#8220;1\/6&#8243;][\/vc_column][vc_column width=&#8220;2\/3&#8243;][vc_column_text css=&#8220;&#8220;] Unsere Drehteilfertigung f\u00fcr mechanische Teile produziert Drehteile aus Stahl, Aluminium oder Messing. Unser Know How im Bereich der Fertigung von gedrehten<span class=\"excerpt-hellip\"> [\u2026]<\/span><\/p>\n","protected":false},"author":1,"featured_media":0,"parent":0,"menu_order":0,"comment_status":"closed","ping_status":"closed","template":"","meta":{"footnotes":""},"yoast_head":"<!-- This site is optimized with the Yoast SEO plugin v24.5 - https:\/\/yoast.com\/wordpress\/plugins\/seo\/ -->\n<title>Unterlieferant f\u00fcr Multimaterialbefestigung, Umspritzungseinsatz<\/title>\n<meta name=\"description\" content=\"Thevenet produziert Metallteile f\u00fcr die Kunststoffindustrie. Kontaktieren Sie uns f\u00fcr Ihre Umspritzungseins\u00e4tze und Multimaterial-Befestigungsl\u00f6sungen.\" \/>\n<meta name=\"robots\" content=\"index, follow, max-snippet:-1, max-image-preview:large, max-video-preview:-1\" \/>\n<link rel=\"canonical\" href=\"https:\/\/www.thevenet-decolletage.fr\/de\/drehen-kunststoffindustrie\/\" \/>\n<meta property=\"og:locale\" content=\"de_DE\" \/>\n<meta property=\"og:type\" content=\"article\" \/>\n<meta property=\"og:title\" content=\"Unterlieferant f\u00fcr Multimaterialbefestigung, Umspritzungseinsatz\" \/>\n<meta property=\"og:description\" content=\"Thevenet produziert Metallteile f\u00fcr die Kunststoffindustrie. Kontaktieren Sie uns f\u00fcr Ihre Umspritzungseins\u00e4tze und Multimaterial-Befestigungsl\u00f6sungen.\" \/>\n<meta property=\"og:url\" content=\"https:\/\/www.thevenet-decolletage.fr\/de\/drehen-kunststoffindustrie\/\" \/>\n<meta property=\"og:site_name\" content=\"www.thevenet-decolletage.fr\/de\" \/>\n<meta property=\"article:modified_time\" content=\"2024-10-01T09:12:59+00:00\" \/>\n<meta name=\"twitter:card\" content=\"summary_large_image\" \/>\n<meta name=\"twitter:label1\" content=\"Gesch\u00e4tzte Lesezeit\" \/>\n\t<meta name=\"twitter:data1\" content=\"4\u00a0Minuten\" \/>\n<script type=\"application\/ld+json\" class=\"yoast-schema-graph\">{\"@context\":\"https:\/\/schema.org\",\"@graph\":[{\"@type\":\"WebPage\",\"@id\":\"https:\/\/www.thevenet-decolletage.fr\/de\/drehen-kunststoffindustrie\/\",\"url\":\"https:\/\/www.thevenet-decolletage.fr\/de\/drehen-kunststoffindustrie\/\",\"name\":\"Unterlieferant f\u00fcr Multimaterialbefestigung, Umspritzungseinsatz\",\"isPartOf\":{\"@id\":\"https:\/\/www.thevenet-decolletage.fr\/de\/#website\"},\"datePublished\":\"2024-06-13T11:49:05+00:00\",\"dateModified\":\"2024-10-01T09:12:59+00:00\",\"description\":\"Thevenet produziert Metallteile f\u00fcr die Kunststoffindustrie. Kontaktieren Sie uns f\u00fcr Ihre Umspritzungseins\u00e4tze und Multimaterial-Befestigungsl\u00f6sungen.\",\"breadcrumb\":{\"@id\":\"https:\/\/www.thevenet-decolletage.fr\/de\/drehen-kunststoffindustrie\/#breadcrumb\"},\"inLanguage\":\"de\",\"potentialAction\":[{\"@type\":\"ReadAction\",\"target\":[\"https:\/\/www.thevenet-decolletage.fr\/de\/drehen-kunststoffindustrie\/\"]}]},{\"@type\":\"BreadcrumbList\",\"@id\":\"https:\/\/www.thevenet-decolletage.fr\/de\/drehen-kunststoffindustrie\/#breadcrumb\",\"itemListElement\":[{\"@type\":\"ListItem\",\"position\":1,\"name\":\"Accueil\",\"item\":\"https:\/\/www.thevenet-decolletage.fr\/de\/\"},{\"@type\":\"ListItem\",\"position\":2,\"name\":\"Drehen f\u00fcr die Kunststoffindustrie\"}]},{\"@type\":\"WebSite\",\"@id\":\"https:\/\/www.thevenet-decolletage.fr\/de\/#website\",\"url\":\"https:\/\/www.thevenet-decolletage.fr\/de\/\",\"name\":\"Thevenet D\u00e9colletage Deutsch\",\"description\":\"\",\"potentialAction\":[{\"@type\":\"SearchAction\",\"target\":{\"@type\":\"EntryPoint\",\"urlTemplate\":\"https:\/\/www.thevenet-decolletage.fr\/de\/?s={search_term_string}\"},\"query-input\":{\"@type\":\"PropertyValueSpecification\",\"valueRequired\":true,\"valueName\":\"search_term_string\"}}],\"inLanguage\":\"de\"}]}<\/script>\n<!-- \/ Yoast SEO plugin. -->","yoast_head_json":{"title":"Unterlieferant f\u00fcr Multimaterialbefestigung, Umspritzungseinsatz","description":"Thevenet produziert Metallteile f\u00fcr die Kunststoffindustrie. Kontaktieren Sie uns f\u00fcr Ihre Umspritzungseins\u00e4tze und Multimaterial-Befestigungsl\u00f6sungen.","robots":{"index":"index","follow":"follow","max-snippet":"max-snippet:-1","max-image-preview":"max-image-preview:large","max-video-preview":"max-video-preview:-1"},"canonical":"https:\/\/www.thevenet-decolletage.fr\/de\/drehen-kunststoffindustrie\/","og_locale":"de_DE","og_type":"article","og_title":"Unterlieferant f\u00fcr Multimaterialbefestigung, Umspritzungseinsatz","og_description":"Thevenet produziert Metallteile f\u00fcr die Kunststoffindustrie. Kontaktieren Sie uns f\u00fcr Ihre Umspritzungseins\u00e4tze und Multimaterial-Befestigungsl\u00f6sungen.","og_url":"https:\/\/www.thevenet-decolletage.fr\/de\/drehen-kunststoffindustrie\/","og_site_name":"www.thevenet-decolletage.fr\/de","article_modified_time":"2024-10-01T09:12:59+00:00","twitter_card":"summary_large_image","twitter_misc":{"Gesch\u00e4tzte Lesezeit":"4\u00a0Minuten"},"schema":{"@context":"https:\/\/schema.org","@graph":[{"@type":"WebPage","@id":"https:\/\/www.thevenet-decolletage.fr\/de\/drehen-kunststoffindustrie\/","url":"https:\/\/www.thevenet-decolletage.fr\/de\/drehen-kunststoffindustrie\/","name":"Unterlieferant f\u00fcr Multimaterialbefestigung, Umspritzungseinsatz","isPartOf":{"@id":"https:\/\/www.thevenet-decolletage.fr\/de\/#website"},"datePublished":"2024-06-13T11:49:05+00:00","dateModified":"2024-10-01T09:12:59+00:00","description":"Thevenet produziert Metallteile f\u00fcr die Kunststoffindustrie. Kontaktieren Sie uns f\u00fcr Ihre Umspritzungseins\u00e4tze und Multimaterial-Befestigungsl\u00f6sungen.","breadcrumb":{"@id":"https:\/\/www.thevenet-decolletage.fr\/de\/drehen-kunststoffindustrie\/#breadcrumb"},"inLanguage":"de","potentialAction":[{"@type":"ReadAction","target":["https:\/\/www.thevenet-decolletage.fr\/de\/drehen-kunststoffindustrie\/"]}]},{"@type":"BreadcrumbList","@id":"https:\/\/www.thevenet-decolletage.fr\/de\/drehen-kunststoffindustrie\/#breadcrumb","itemListElement":[{"@type":"ListItem","position":1,"name":"Accueil","item":"https:\/\/www.thevenet-decolletage.fr\/de\/"},{"@type":"ListItem","position":2,"name":"Drehen f\u00fcr die Kunststoffindustrie"}]},{"@type":"WebSite","@id":"https:\/\/www.thevenet-decolletage.fr\/de\/#website","url":"https:\/\/www.thevenet-decolletage.fr\/de\/","name":"Thevenet D\u00e9colletage Deutsch","description":"","potentialAction":[{"@type":"SearchAction","target":{"@type":"EntryPoint","urlTemplate":"https:\/\/www.thevenet-decolletage.fr\/de\/?s={search_term_string}"},"query-input":{"@type":"PropertyValueSpecification","valueRequired":true,"valueName":"search_term_string"}}],"inLanguage":"de"}]}},"_links":{"self":[{"href":"https:\/\/www.thevenet-decolletage.fr\/de\/wp-json\/wp\/v2\/pages\/349"}],"collection":[{"href":"https:\/\/www.thevenet-decolletage.fr\/de\/wp-json\/wp\/v2\/pages"}],"about":[{"href":"https:\/\/www.thevenet-decolletage.fr\/de\/wp-json\/wp\/v2\/types\/page"}],"author":[{"embeddable":true,"href":"https:\/\/www.thevenet-decolletage.fr\/de\/wp-json\/wp\/v2\/users\/1"}],"replies":[{"embeddable":true,"href":"https:\/\/www.thevenet-decolletage.fr\/de\/wp-json\/wp\/v2\/comments?post=349"}],"version-history":[{"count":9,"href":"https:\/\/www.thevenet-decolletage.fr\/de\/wp-json\/wp\/v2\/pages\/349\/revisions"}],"predecessor-version":[{"id":355,"href":"https:\/\/www.thevenet-decolletage.fr\/de\/wp-json\/wp\/v2\/pages\/349\/revisions\/355"}],"wp:attachment":[{"href":"https:\/\/www.thevenet-decolletage.fr\/de\/wp-json\/wp\/v2\/media?parent=349"}],"curies":[{"name":"wp","href":"https:\/\/api.w.org\/{rel}","templated":true}]}}