{"id":357,"date":"2024-06-13T14:34:30","date_gmt":"2024-06-13T12:34:30","guid":{"rendered":"https:\/\/www.thevenet-decolletage.fr\/de\/?page_id=357"},"modified":"2024-10-01T11:15:37","modified_gmt":"2024-10-01T09:15:37","slug":"drehteile-schienenverkehr","status":"publish","type":"page","link":"https:\/\/www.thevenet-decolletage.fr\/de\/drehteile-schienenverkehr\/","title":{"rendered":"Drehteile f\u00fcr den Schienenverkehr"},"content":{"rendered":"<div class=\"wpb-content-wrapper\"><p>[vc_row][vc_column][vc_empty_space][\/vc_column][\/vc_row][vc_row el_class=&#8220;txt-blanc&#8220;][vc_column width=&#8220;1\/6&#8243;][\/vc_column][vc_column width=&#8220;2\/3&#8243;][vc_column_text css=&#8220;&#8220;]<\/p>\n<p style=\"text-align: center;\">Wir sind Spezialisten f\u00fcr das Zuliefern industrieller Drehteile aus Aluminium, Sonderst\u00e4hlen, Edelstahl oder anderen g\u00e4ngigen St\u00e4hlen. Unsere guten Beziehungen zu Eink\u00e4ufern im Bereich des Schienenverkehrs und vor allem im Bereich Drehteile f\u00fcr rollendes Material und Bahnkomponenten bezeugen davon.<\/p>\n<p>[\/vc_column_text][\/vc_column][vc_column width=&#8220;1\/6&#8243;][\/vc_column][\/vc_row][vc_row full_width=&#8220;stretch_row_content_no_spaces&#8220; el_class=&#8220;txt-blanc&#8220;][vc_column][vc_row_inner][vc_column_inner width=&#8220;1\/4&#8243;][\/vc_column_inner][vc_column_inner width=&#8220;1\/2&#8243;][vc_column_text css=&#8220;&#8220; el_class=&#8220;h2 upper habillage-trait&#8220;]<\/p>\n<h3 style=\"text-align: center;\">Spezialisierter Zulieferer von Drehteilen nach Zeichnung f\u00fcr den Schienenverkehr<\/h3>\n<p>[\/vc_column_text][\/vc_column_inner][vc_column_inner width=&#8220;1\/4&#8243;][\/vc_column_inner][\/vc_row_inner][vc_row_inner][vc_column_inner width=&#8220;1\/2&#8243; css=&#8220;.vc_custom_1718279399754{padding-right: 20px !important;padding-left: 20px !important;}&#8220;][vc_column_text css=&#8220;&#8220; el_class=&#8220;demi-encart demi-encart-g&#8220;]Unser Werk fertigt regelm\u00e4\u03b2ig Drehteile f\u00fcr den Schienenverkehr. In diesem Bereich ist es sehr wichtig, dass die gespanten Teile besonders widerstandsf\u00e4hig sind, da dieses Umfeld besondere Auflagen verlangt. Die Eink\u00e4ufer f\u00fcr Bahnkomponenten sch\u00e4tzen unser Know How in diesem Bereich und vetrauen uns ihre Erstatzteile oder Montageteile f\u00fcr rollendes Material an.<\/p>\n<p>Unser moderner Maschinenpark sowie das Know How unseres Teams machen aus unserem Unternehmen einen anerkannten Gesch\u00e4ftspartner der Spanteilfertigung f\u00fcr den Schienenverkehr.[\/vc_column_text][\/vc_column_inner][vc_column_inner width=&#8220;1\/2&#8243;][vc_single_image image=&#8220;363&#8243; img_size=&#8220;full&#8220; alignment=&#8220;center&#8220; css_animation=&#8220;fadeInRight&#8220; css=&#8220;&#8220;][\/vc_column_inner][\/vc_row_inner][\/vc_column][\/vc_row][vc_row full_width=&#8220;stretch_row_content_no_spaces&#8220; el_class=&#8220;mask-encart-full mask-encart-full-grande-taille&#8220;][vc_column][vc_row_inner][vc_column_inner width=&#8220;1\/4&#8243;][\/vc_column_inner][vc_column_inner width=&#8220;1\/2&#8243;][vc_column_text css=&#8220;&#8220; el_class=&#8220;h2 upper habillage-trait&#8220;]<\/p>\n<h3 style=\"text-align: center;\">Eine Dreherei f\u00fcr Verbindungsteile in mittleren und gro\u03b2en Serien f\u00fcr die Railwayindustrie<\/h3>\n<p>[\/vc_column_text][\/vc_column_inner][vc_column_inner width=&#8220;1\/4&#8243;][\/vc_column_inner][\/vc_row_inner][vc_row_inner][vc_column_inner width=&#8220;1\/2&#8243; css=&#8220;.vc_custom_1718279419443{padding-right: 20px !important;padding-left: 20px !important;}&#8220;][vc_column_text css=&#8220;&#8220; el_class=&#8220;demi-encart demi-encart-g&#8220;]Alle von uns gefertigten Drehteile f\u00fcr den Bahnverkehr unterliegen den Anforderungen dieser Industrie in Hinblick auf Widerstandsf\u00e4higkeit und Qualit\u00e4t.<\/p>\n<p>Wir sind spezialisiert auf die Fertigung von Drehteilen f\u00fcr den Schienenverkehr und bearbeiten gerne alle Zeichnungsteil Anfragen f\u00fcr Verbindungsteile aus diesem Bereich.[\/vc_column_text][\/vc_column_inner][vc_column_inner width=&#8220;1\/2&#8243; css=&#8220;.vc_custom_1718279424963{padding-right: 20px !important;padding-left: 20px !important;}&#8220;][vc_column_text css=&#8220;&#8220; el_class=&#8220;demi-encart demi-encart-d&#8220;]Beschichtungsl\u00f6sungen f\u00fcr den Bahnverkehr\u00a0: Wir drehen nicht nur, sondern k\u00fcmmern uns auch um die Endbearbeitung und das Beschichten f\u00fcr Bahnindustrie Drehteile.[\/vc_column_text][\/vc_column_inner][\/vc_row_inner][\/vc_column][\/vc_row][vc_row el_class=&#8220;encart-devis txt-blanc&#8220;][vc_column][vc_column_text css=&#8220;&#8220; el_class=&#8220;h1 upper&#8220;]<\/p>\n<p style=\"text-align: center;\"><span class=\"fort\">F\u00fcr alle Fragen und Angebotsanfragen<\/span><\/p>\n<p>[\/vc_column_text][vc_btn title=&#8220;Kontakt&#8220; style=&#8220;custom&#8220; custom_background=&#8220;#fee15e&#8220; custom_text=&#8220;#000000&#8243; shape=&#8220;square&#8220; align=&#8220;center&#8220; css=&#8220;&#8220; link=&#8220;url:%2Fkontakt&#8220; el_class=&#8220;btn-savoir-plus btn-jaune&#8220;][\/vc_column][\/vc_row][vc_row][vc_column][vc_empty_space][\/vc_column][\/vc_row][vc_row full_width=&#8220;stretch_row_content_no_spaces&#8220; el_class=&#8220;txt-blanc&#8220;][vc_column][vc_row_inner][vc_column_inner width=&#8220;1\/4&#8243;][\/vc_column_inner][vc_column_inner width=&#8220;1\/2&#8243;][vc_column_text css=&#8220;&#8220; el_class=&#8220;h2 upper habillage-trait&#8220;]<\/p>\n<h3 style=\"text-align: center;\">Spezialist f\u00fcr die Auftragsfertigung von Bahnteilen<\/h3>\n<p>[\/vc_column_text][\/vc_column_inner][vc_column_inner width=&#8220;1\/4&#8243;][\/vc_column_inner][\/vc_row_inner][vc_row_inner][vc_column_inner width=&#8220;1\/2&#8243;][vc_single_image image=&#8220;362&#8243; img_size=&#8220;full&#8220; alignment=&#8220;center&#8220; css_animation=&#8220;fadeInLeft&#8220; css=&#8220;&#8220;][\/vc_column_inner][vc_column_inner width=&#8220;1\/2&#8243; css=&#8220;.vc_custom_1718282684100{border-right-width: 20px !important;padding-left: 20px !important;}&#8220;][vc_column_text css=&#8220;&#8220; el_class=&#8220;demi-encart demi-encart-d&#8220;]Unser Know How in der Auftragsfertigung von Drehteilen in mittleren und gro\u03b2en Serien macht aus unserem Unternehmen einen anerkannten und soliden Partner f\u00fcr das Zuliefern von Bahnkomponenten.<\/p>\n<p>Ob Standardteile oder Zeichnungsteile, wir garantieren Qualit\u00e4t und Termintreue, wenn es um das Drehen von Teilen f\u00fcr Bahnkomponenten geht.<\/p>\n<p>Wenn Sie einen zuverl\u00e4ssigen Partner f\u00fcr Auftragsfertigung von Drehteilen f\u00fcr den Schienenverkehr oder Baugruppen f\u00fcr Verbidungsteile im rollenden Material suchen, dann kontaktieren Sie uns per Telefon unter 0033\/ 4 50 58 25 01 oder \u00fcber unser\u00a0<a href=\"\/kontakt\">Kontaktformular<\/a>.<\/p>\n<p>Gerne unterbreitet unser Team Ihnen ein Angebot f\u00fcr Drehteile.[\/vc_column_text][\/vc_column_inner][\/vc_row_inner][\/vc_column][\/vc_row]<\/p>\n<\/div>","protected":false},"excerpt":{"rendered":"<p>[vc_row][vc_column][vc_empty_space][\/vc_column][\/vc_row][vc_row el_class=&#8220;txt-blanc&#8220;][vc_column width=&#8220;1\/6&#8243;][\/vc_column][vc_column width=&#8220;2\/3&#8243;][vc_column_text css=&#8220;&#8220;] Wir sind Spezialisten f\u00fcr das Zuliefern industrieller Drehteile aus Aluminium, Sonderst\u00e4hlen, Edelstahl oder anderen g\u00e4ngigen St\u00e4hlen. Unsere guten Beziehungen zu Eink\u00e4ufern<span class=\"excerpt-hellip\"> [\u2026]<\/span><\/p>\n","protected":false},"author":1,"featured_media":0,"parent":0,"menu_order":0,"comment_status":"closed","ping_status":"closed","template":"","meta":{"footnotes":""},"yoast_head":"<!-- This site is optimized with the Yoast SEO plugin v24.5 - https:\/\/yoast.com\/wordpress\/plugins\/seo\/ -->\n<title>Verschraubung von Teilen f\u00fcr den Bahnbereich, Hersteller von Schienenfahrzeugteilen<\/title>\n<meta name=\"description\" content=\"Thevenet D\u00e9colletage fertigt Teile aus Edelstahl, Sonderst\u00e4hlen, Messing und Aluminium f\u00fcr die Eisenbahnindustrie. Kontaktieren Sie uns f\u00fcr jede Frage.\" \/>\n<meta name=\"robots\" content=\"index, follow, max-snippet:-1, max-image-preview:large, max-video-preview:-1\" \/>\n<link rel=\"canonical\" href=\"https:\/\/www.thevenet-decolletage.fr\/de\/drehteile-schienenverkehr\/\" \/>\n<meta property=\"og:locale\" content=\"de_DE\" \/>\n<meta property=\"og:type\" content=\"article\" \/>\n<meta property=\"og:title\" content=\"Verschraubung von Teilen f\u00fcr den Bahnbereich, Hersteller von Schienenfahrzeugteilen\" \/>\n<meta property=\"og:description\" content=\"Thevenet D\u00e9colletage fertigt Teile aus Edelstahl, Sonderst\u00e4hlen, Messing und Aluminium f\u00fcr die Eisenbahnindustrie. Kontaktieren Sie uns f\u00fcr jede Frage.\" \/>\n<meta property=\"og:url\" content=\"https:\/\/www.thevenet-decolletage.fr\/de\/drehteile-schienenverkehr\/\" \/>\n<meta property=\"og:site_name\" content=\"www.thevenet-decolletage.fr\/de\" \/>\n<meta property=\"article:modified_time\" content=\"2024-10-01T09:15:37+00:00\" \/>\n<meta name=\"twitter:card\" content=\"summary_large_image\" \/>\n<meta name=\"twitter:label1\" content=\"Gesch\u00e4tzte Lesezeit\" \/>\n\t<meta name=\"twitter:data1\" content=\"3\u00a0Minuten\" \/>\n<script type=\"application\/ld+json\" class=\"yoast-schema-graph\">{\"@context\":\"https:\/\/schema.org\",\"@graph\":[{\"@type\":\"WebPage\",\"@id\":\"https:\/\/www.thevenet-decolletage.fr\/de\/drehteile-schienenverkehr\/\",\"url\":\"https:\/\/www.thevenet-decolletage.fr\/de\/drehteile-schienenverkehr\/\",\"name\":\"Verschraubung von Teilen f\u00fcr den Bahnbereich, Hersteller von Schienenfahrzeugteilen\",\"isPartOf\":{\"@id\":\"https:\/\/www.thevenet-decolletage.fr\/de\/#website\"},\"datePublished\":\"2024-06-13T12:34:30+00:00\",\"dateModified\":\"2024-10-01T09:15:37+00:00\",\"description\":\"Thevenet D\u00e9colletage fertigt Teile aus Edelstahl, Sonderst\u00e4hlen, Messing und Aluminium f\u00fcr die Eisenbahnindustrie. Kontaktieren Sie uns f\u00fcr jede Frage.\",\"breadcrumb\":{\"@id\":\"https:\/\/www.thevenet-decolletage.fr\/de\/drehteile-schienenverkehr\/#breadcrumb\"},\"inLanguage\":\"de\",\"potentialAction\":[{\"@type\":\"ReadAction\",\"target\":[\"https:\/\/www.thevenet-decolletage.fr\/de\/drehteile-schienenverkehr\/\"]}]},{\"@type\":\"BreadcrumbList\",\"@id\":\"https:\/\/www.thevenet-decolletage.fr\/de\/drehteile-schienenverkehr\/#breadcrumb\",\"itemListElement\":[{\"@type\":\"ListItem\",\"position\":1,\"name\":\"Accueil\",\"item\":\"https:\/\/www.thevenet-decolletage.fr\/de\/\"},{\"@type\":\"ListItem\",\"position\":2,\"name\":\"Drehteile f\u00fcr den Schienenverkehr\"}]},{\"@type\":\"WebSite\",\"@id\":\"https:\/\/www.thevenet-decolletage.fr\/de\/#website\",\"url\":\"https:\/\/www.thevenet-decolletage.fr\/de\/\",\"name\":\"Thevenet D\u00e9colletage Deutsch\",\"description\":\"\",\"potentialAction\":[{\"@type\":\"SearchAction\",\"target\":{\"@type\":\"EntryPoint\",\"urlTemplate\":\"https:\/\/www.thevenet-decolletage.fr\/de\/?s={search_term_string}\"},\"query-input\":{\"@type\":\"PropertyValueSpecification\",\"valueRequired\":true,\"valueName\":\"search_term_string\"}}],\"inLanguage\":\"de\"}]}<\/script>\n<!-- \/ Yoast SEO plugin. -->","yoast_head_json":{"title":"Verschraubung von Teilen f\u00fcr den Bahnbereich, Hersteller von Schienenfahrzeugteilen","description":"Thevenet D\u00e9colletage fertigt Teile aus Edelstahl, Sonderst\u00e4hlen, Messing und Aluminium f\u00fcr die Eisenbahnindustrie. Kontaktieren Sie uns f\u00fcr jede Frage.","robots":{"index":"index","follow":"follow","max-snippet":"max-snippet:-1","max-image-preview":"max-image-preview:large","max-video-preview":"max-video-preview:-1"},"canonical":"https:\/\/www.thevenet-decolletage.fr\/de\/drehteile-schienenverkehr\/","og_locale":"de_DE","og_type":"article","og_title":"Verschraubung von Teilen f\u00fcr den Bahnbereich, Hersteller von Schienenfahrzeugteilen","og_description":"Thevenet D\u00e9colletage fertigt Teile aus Edelstahl, Sonderst\u00e4hlen, Messing und Aluminium f\u00fcr die Eisenbahnindustrie. Kontaktieren Sie uns f\u00fcr jede Frage.","og_url":"https:\/\/www.thevenet-decolletage.fr\/de\/drehteile-schienenverkehr\/","og_site_name":"www.thevenet-decolletage.fr\/de","article_modified_time":"2024-10-01T09:15:37+00:00","twitter_card":"summary_large_image","twitter_misc":{"Gesch\u00e4tzte Lesezeit":"3\u00a0Minuten"},"schema":{"@context":"https:\/\/schema.org","@graph":[{"@type":"WebPage","@id":"https:\/\/www.thevenet-decolletage.fr\/de\/drehteile-schienenverkehr\/","url":"https:\/\/www.thevenet-decolletage.fr\/de\/drehteile-schienenverkehr\/","name":"Verschraubung von Teilen f\u00fcr den Bahnbereich, Hersteller von Schienenfahrzeugteilen","isPartOf":{"@id":"https:\/\/www.thevenet-decolletage.fr\/de\/#website"},"datePublished":"2024-06-13T12:34:30+00:00","dateModified":"2024-10-01T09:15:37+00:00","description":"Thevenet D\u00e9colletage fertigt Teile aus Edelstahl, Sonderst\u00e4hlen, Messing und Aluminium f\u00fcr die Eisenbahnindustrie. Kontaktieren Sie uns f\u00fcr jede Frage.","breadcrumb":{"@id":"https:\/\/www.thevenet-decolletage.fr\/de\/drehteile-schienenverkehr\/#breadcrumb"},"inLanguage":"de","potentialAction":[{"@type":"ReadAction","target":["https:\/\/www.thevenet-decolletage.fr\/de\/drehteile-schienenverkehr\/"]}]},{"@type":"BreadcrumbList","@id":"https:\/\/www.thevenet-decolletage.fr\/de\/drehteile-schienenverkehr\/#breadcrumb","itemListElement":[{"@type":"ListItem","position":1,"name":"Accueil","item":"https:\/\/www.thevenet-decolletage.fr\/de\/"},{"@type":"ListItem","position":2,"name":"Drehteile f\u00fcr den Schienenverkehr"}]},{"@type":"WebSite","@id":"https:\/\/www.thevenet-decolletage.fr\/de\/#website","url":"https:\/\/www.thevenet-decolletage.fr\/de\/","name":"Thevenet D\u00e9colletage Deutsch","description":"","potentialAction":[{"@type":"SearchAction","target":{"@type":"EntryPoint","urlTemplate":"https:\/\/www.thevenet-decolletage.fr\/de\/?s={search_term_string}"},"query-input":{"@type":"PropertyValueSpecification","valueRequired":true,"valueName":"search_term_string"}}],"inLanguage":"de"}]}},"_links":{"self":[{"href":"https:\/\/www.thevenet-decolletage.fr\/de\/wp-json\/wp\/v2\/pages\/357"}],"collection":[{"href":"https:\/\/www.thevenet-decolletage.fr\/de\/wp-json\/wp\/v2\/pages"}],"about":[{"href":"https:\/\/www.thevenet-decolletage.fr\/de\/wp-json\/wp\/v2\/types\/page"}],"author":[{"embeddable":true,"href":"https:\/\/www.thevenet-decolletage.fr\/de\/wp-json\/wp\/v2\/users\/1"}],"replies":[{"embeddable":true,"href":"https:\/\/www.thevenet-decolletage.fr\/de\/wp-json\/wp\/v2\/comments?post=357"}],"version-history":[{"count":10,"href":"https:\/\/www.thevenet-decolletage.fr\/de\/wp-json\/wp\/v2\/pages\/357\/revisions"}],"predecessor-version":[{"id":513,"href":"https:\/\/www.thevenet-decolletage.fr\/de\/wp-json\/wp\/v2\/pages\/357\/revisions\/513"}],"wp:attachment":[{"href":"https:\/\/www.thevenet-decolletage.fr\/de\/wp-json\/wp\/v2\/media?parent=357"}],"curies":[{"name":"wp","href":"https:\/\/api.w.org\/{rel}","templated":true}]}}