{"id":382,"date":"2024-06-13T15:07:31","date_gmt":"2024-06-13T13:07:31","guid":{"rendered":"https:\/\/www.thevenet-decolletage.fr\/de\/?page_id=382"},"modified":"2024-10-01T11:20:02","modified_gmt":"2024-10-01T09:20:02","slug":"drehteile-hydraulik-pneumatik-anwendungen","status":"publish","type":"page","link":"https:\/\/www.thevenet-decolletage.fr\/de\/drehteile-hydraulik-pneumatik-anwendungen\/","title":{"rendered":"Drehteile f\u00fcr Hydraulik und Pneumatik Anwendungen"},"content":{"rendered":"<div class=\"wpb-content-wrapper\"><p>[vc_row][vc_column][vc_empty_space][\/vc_column][\/vc_row][vc_row el_class=&#8220;txt-blanc&#8220;][vc_column width=&#8220;1\/6&#8243;][\/vc_column][vc_column width=&#8220;2\/3&#8243;][vc_column_text css=&#8220;&#8220;]<\/p>\n<p style=\"text-align: center;\">Wir sind Spezialisten f\u00fcr das Drehen von mechanischen Teilen aus Stahl, Aluminium oder Messing.<\/p>\n<p style=\"text-align: center;\">Unser Know How als Zulieferer von Drehteilen ist weit anerkannt und wird von vielen Eink\u00e4ufern gesch\u00e4tzt, die einen zuverl\u00e4ssigen und kompetenten Partner suchen, der die Fertigung von Drehteilen, f\u00fcr den Hydraulik-und Pneumatikbereich \u00fcbernehmen kann.<\/p>\n<p>[\/vc_column_text][\/vc_column][vc_column width=&#8220;1\/6&#8243;][\/vc_column][\/vc_row][vc_row full_width=&#8220;stretch_row_content_no_spaces&#8220; el_class=&#8220;txt-blanc&#8220;][vc_column][vc_row_inner][vc_column_inner width=&#8220;1\/4&#8243;][\/vc_column_inner][vc_column_inner width=&#8220;1\/2&#8243;][vc_column_text css=&#8220;&#8220; el_class=&#8220;h2 upper habillage-trait&#8220;]<\/p>\n<h2 style=\"text-align: center;\">Spezialisierter Zulieferer von Hydraulik und Pneumatik Drehteilen nach Zeichnung<\/h2>\n<p>[\/vc_column_text][\/vc_column_inner][vc_column_inner width=&#8220;1\/4&#8243;][\/vc_column_inner][\/vc_row_inner][vc_row_inner][vc_column_inner width=&#8220;1\/2&#8243; css=&#8220;.vc_custom_1718279399754{padding-right: 20px !important;padding-left: 20px !important;}&#8220;][vc_column_text css=&#8220;&#8220; el_class=&#8220;demi-encart demi-encart-g&#8220;]Wir fertigen ein weites Spektrum von industriellen Verbindungsteilen f\u00fcr Hydraulik und Pneumatik Anwendungen\u00a0:<\/p>\n<ul>\n<li>Drehen von Kugeln und Achsen<\/li>\n<li>Fertigung von Schrauben, Einstellschrauben, Nadelschrauben und Ventilschrauben<\/li>\n<li>Zerspanen von Muttern, St\u00f6\u03b2eln, und Kolben<\/li>\n<li>Drehen von Ventilst\u00f6sseln oder Verbindungsk\u00f6rpern<\/li>\n<li>Ventilgeh\u00e4use und Druckgeh\u00e4use Drehen<\/li>\n<\/ul>\n<p>[\/vc_column_text][\/vc_column_inner][vc_column_inner width=&#8220;1\/2&#8243;][vc_single_image image=&#8220;380&#8243; img_size=&#8220;full&#8220; alignment=&#8220;center&#8220; css_animation=&#8220;fadeInRight&#8220; css=&#8220;&#8220;][\/vc_column_inner][\/vc_row_inner][\/vc_column][\/vc_row][vc_row el_class=&#8220;encart-devis txt-blanc&#8220;][vc_column][vc_column_text css=&#8220;&#8220; el_class=&#8220;h1 upper&#8220;]<\/p>\n<p style=\"text-align: center;\"><span class=\"fort\">F\u00fcr alle Fragen und Angebotsanfragen<\/span><\/p>\n<p>[\/vc_column_text][vc_btn title=&#8220;Kontakt&#8220; style=&#8220;custom&#8220; custom_background=&#8220;#fee15e&#8220; custom_text=&#8220;#000000&#8243; shape=&#8220;square&#8220; align=&#8220;center&#8220; css=&#8220;&#8220; link=&#8220;url:%2Fkontakt&#8220; el_class=&#8220;btn-savoir-plus btn-jaune&#8220;][\/vc_column][\/vc_row][vc_row][vc_column][vc_empty_space][\/vc_column][\/vc_row]<\/p>\n<\/div>","protected":false},"excerpt":{"rendered":"<p>[vc_row][vc_column][vc_empty_space][\/vc_column][\/vc_row][vc_row el_class=&#8220;txt-blanc&#8220;][vc_column width=&#8220;1\/6&#8243;][\/vc_column][vc_column width=&#8220;2\/3&#8243;][vc_column_text css=&#8220;&#8220;] Wir sind Spezialisten f\u00fcr das Drehen von mechanischen Teilen aus Stahl, Aluminium oder Messing. Unser Know How als Zulieferer von Drehteilen<span class=\"excerpt-hellip\"> [\u2026]<\/span><\/p>\n","protected":false},"author":1,"featured_media":0,"parent":0,"menu_order":0,"comment_status":"closed","ping_status":"closed","template":"","meta":{"footnotes":""},"yoast_head":"<!-- This site is optimized with the Yoast SEO plugin v24.5 - https:\/\/yoast.com\/wordpress\/plugins\/seo\/ -->\n<title>Drehteile f\u00fcr Hydraulik und Pneumatik Anwendungen, Bearbeiten Hydraulik- Pneumatikteilen<\/title>\n<meta name=\"description\" content=\"Spezialist in der Lohnfertigung f\u00fcr die Herstellung von Hydraulik- und Pneumatikteilen. Kontaktieren Sie uns und erfahren Sie mehr!\" \/>\n<meta name=\"robots\" content=\"index, follow, max-snippet:-1, max-image-preview:large, max-video-preview:-1\" \/>\n<link rel=\"canonical\" href=\"https:\/\/www.thevenet-decolletage.fr\/de\/drehteile-hydraulik-pneumatik-anwendungen\/\" \/>\n<meta property=\"og:locale\" content=\"de_DE\" \/>\n<meta property=\"og:type\" content=\"article\" \/>\n<meta property=\"og:title\" content=\"Drehteile f\u00fcr Hydraulik und Pneumatik Anwendungen, Bearbeiten Hydraulik- Pneumatikteilen\" \/>\n<meta property=\"og:description\" content=\"Spezialist in der Lohnfertigung f\u00fcr die Herstellung von Hydraulik- und Pneumatikteilen. Kontaktieren Sie uns und erfahren Sie mehr!\" \/>\n<meta property=\"og:url\" content=\"https:\/\/www.thevenet-decolletage.fr\/de\/drehteile-hydraulik-pneumatik-anwendungen\/\" \/>\n<meta property=\"og:site_name\" content=\"www.thevenet-decolletage.fr\/de\" \/>\n<meta property=\"article:modified_time\" content=\"2024-10-01T09:20:02+00:00\" \/>\n<meta name=\"twitter:card\" content=\"summary_large_image\" \/>\n<meta name=\"twitter:label1\" content=\"Gesch\u00e4tzte Lesezeit\" \/>\n\t<meta name=\"twitter:data1\" content=\"1\u00a0Minute\" \/>\n<script type=\"application\/ld+json\" class=\"yoast-schema-graph\">{\"@context\":\"https:\/\/schema.org\",\"@graph\":[{\"@type\":\"WebPage\",\"@id\":\"https:\/\/www.thevenet-decolletage.fr\/de\/drehteile-hydraulik-pneumatik-anwendungen\/\",\"url\":\"https:\/\/www.thevenet-decolletage.fr\/de\/drehteile-hydraulik-pneumatik-anwendungen\/\",\"name\":\"Drehteile f\u00fcr Hydraulik und Pneumatik Anwendungen, Bearbeiten Hydraulik- Pneumatikteilen\",\"isPartOf\":{\"@id\":\"https:\/\/www.thevenet-decolletage.fr\/de\/#website\"},\"datePublished\":\"2024-06-13T13:07:31+00:00\",\"dateModified\":\"2024-10-01T09:20:02+00:00\",\"description\":\"Spezialist in der Lohnfertigung f\u00fcr die Herstellung von Hydraulik- und Pneumatikteilen. Kontaktieren Sie uns und erfahren Sie mehr!\",\"breadcrumb\":{\"@id\":\"https:\/\/www.thevenet-decolletage.fr\/de\/drehteile-hydraulik-pneumatik-anwendungen\/#breadcrumb\"},\"inLanguage\":\"de\",\"potentialAction\":[{\"@type\":\"ReadAction\",\"target\":[\"https:\/\/www.thevenet-decolletage.fr\/de\/drehteile-hydraulik-pneumatik-anwendungen\/\"]}]},{\"@type\":\"BreadcrumbList\",\"@id\":\"https:\/\/www.thevenet-decolletage.fr\/de\/drehteile-hydraulik-pneumatik-anwendungen\/#breadcrumb\",\"itemListElement\":[{\"@type\":\"ListItem\",\"position\":1,\"name\":\"Accueil\",\"item\":\"https:\/\/www.thevenet-decolletage.fr\/de\/\"},{\"@type\":\"ListItem\",\"position\":2,\"name\":\"Drehteile f\u00fcr Hydraulik und Pneumatik Anwendungen\"}]},{\"@type\":\"WebSite\",\"@id\":\"https:\/\/www.thevenet-decolletage.fr\/de\/#website\",\"url\":\"https:\/\/www.thevenet-decolletage.fr\/de\/\",\"name\":\"Thevenet D\u00e9colletage Deutsch\",\"description\":\"\",\"potentialAction\":[{\"@type\":\"SearchAction\",\"target\":{\"@type\":\"EntryPoint\",\"urlTemplate\":\"https:\/\/www.thevenet-decolletage.fr\/de\/?s={search_term_string}\"},\"query-input\":{\"@type\":\"PropertyValueSpecification\",\"valueRequired\":true,\"valueName\":\"search_term_string\"}}],\"inLanguage\":\"de\"}]}<\/script>\n<!-- \/ Yoast SEO plugin. -->","yoast_head_json":{"title":"Drehteile f\u00fcr Hydraulik und Pneumatik Anwendungen, Bearbeiten Hydraulik- Pneumatikteilen","description":"Spezialist in der Lohnfertigung f\u00fcr die Herstellung von Hydraulik- und Pneumatikteilen. Kontaktieren Sie uns und erfahren Sie mehr!","robots":{"index":"index","follow":"follow","max-snippet":"max-snippet:-1","max-image-preview":"max-image-preview:large","max-video-preview":"max-video-preview:-1"},"canonical":"https:\/\/www.thevenet-decolletage.fr\/de\/drehteile-hydraulik-pneumatik-anwendungen\/","og_locale":"de_DE","og_type":"article","og_title":"Drehteile f\u00fcr Hydraulik und Pneumatik Anwendungen, Bearbeiten Hydraulik- Pneumatikteilen","og_description":"Spezialist in der Lohnfertigung f\u00fcr die Herstellung von Hydraulik- und Pneumatikteilen. Kontaktieren Sie uns und erfahren Sie mehr!","og_url":"https:\/\/www.thevenet-decolletage.fr\/de\/drehteile-hydraulik-pneumatik-anwendungen\/","og_site_name":"www.thevenet-decolletage.fr\/de","article_modified_time":"2024-10-01T09:20:02+00:00","twitter_card":"summary_large_image","twitter_misc":{"Gesch\u00e4tzte Lesezeit":"1\u00a0Minute"},"schema":{"@context":"https:\/\/schema.org","@graph":[{"@type":"WebPage","@id":"https:\/\/www.thevenet-decolletage.fr\/de\/drehteile-hydraulik-pneumatik-anwendungen\/","url":"https:\/\/www.thevenet-decolletage.fr\/de\/drehteile-hydraulik-pneumatik-anwendungen\/","name":"Drehteile f\u00fcr Hydraulik und Pneumatik Anwendungen, Bearbeiten Hydraulik- Pneumatikteilen","isPartOf":{"@id":"https:\/\/www.thevenet-decolletage.fr\/de\/#website"},"datePublished":"2024-06-13T13:07:31+00:00","dateModified":"2024-10-01T09:20:02+00:00","description":"Spezialist in der Lohnfertigung f\u00fcr die Herstellung von Hydraulik- und Pneumatikteilen. Kontaktieren Sie uns und erfahren Sie mehr!","breadcrumb":{"@id":"https:\/\/www.thevenet-decolletage.fr\/de\/drehteile-hydraulik-pneumatik-anwendungen\/#breadcrumb"},"inLanguage":"de","potentialAction":[{"@type":"ReadAction","target":["https:\/\/www.thevenet-decolletage.fr\/de\/drehteile-hydraulik-pneumatik-anwendungen\/"]}]},{"@type":"BreadcrumbList","@id":"https:\/\/www.thevenet-decolletage.fr\/de\/drehteile-hydraulik-pneumatik-anwendungen\/#breadcrumb","itemListElement":[{"@type":"ListItem","position":1,"name":"Accueil","item":"https:\/\/www.thevenet-decolletage.fr\/de\/"},{"@type":"ListItem","position":2,"name":"Drehteile f\u00fcr Hydraulik und Pneumatik Anwendungen"}]},{"@type":"WebSite","@id":"https:\/\/www.thevenet-decolletage.fr\/de\/#website","url":"https:\/\/www.thevenet-decolletage.fr\/de\/","name":"Thevenet D\u00e9colletage Deutsch","description":"","potentialAction":[{"@type":"SearchAction","target":{"@type":"EntryPoint","urlTemplate":"https:\/\/www.thevenet-decolletage.fr\/de\/?s={search_term_string}"},"query-input":{"@type":"PropertyValueSpecification","valueRequired":true,"valueName":"search_term_string"}}],"inLanguage":"de"}]}},"_links":{"self":[{"href":"https:\/\/www.thevenet-decolletage.fr\/de\/wp-json\/wp\/v2\/pages\/382"}],"collection":[{"href":"https:\/\/www.thevenet-decolletage.fr\/de\/wp-json\/wp\/v2\/pages"}],"about":[{"href":"https:\/\/www.thevenet-decolletage.fr\/de\/wp-json\/wp\/v2\/types\/page"}],"author":[{"embeddable":true,"href":"https:\/\/www.thevenet-decolletage.fr\/de\/wp-json\/wp\/v2\/users\/1"}],"replies":[{"embeddable":true,"href":"https:\/\/www.thevenet-decolletage.fr\/de\/wp-json\/wp\/v2\/comments?post=382"}],"version-history":[{"count":3,"href":"https:\/\/www.thevenet-decolletage.fr\/de\/wp-json\/wp\/v2\/pages\/382\/revisions"}],"predecessor-version":[{"id":518,"href":"https:\/\/www.thevenet-decolletage.fr\/de\/wp-json\/wp\/v2\/pages\/382\/revisions\/518"}],"wp:attachment":[{"href":"https:\/\/www.thevenet-decolletage.fr\/de\/wp-json\/wp\/v2\/media?parent=382"}],"curies":[{"name":"wp","href":"https:\/\/api.w.org\/{rel}","templated":true}]}}