{"id":414,"date":"2024-06-13T16:59:02","date_gmt":"2024-06-13T14:59:02","guid":{"rendered":"https:\/\/www.thevenet-decolletage.fr\/de\/?page_id=414"},"modified":"2024-10-01T12:08:41","modified_gmt":"2024-10-01T10:08:41","slug":"wer-sind-wir","status":"publish","type":"page","link":"https:\/\/www.thevenet-decolletage.fr\/de\/wer-sind-wir\/","title":{"rendered":"Wer sind wir?"},"content":{"rendered":"<div class=\"wpb-content-wrapper\"><p>[vc_row][vc_column][vc_empty_space][\/vc_column][\/vc_row][vc_row full_width=&#8220;stretch_row_content_no_spaces&#8220; el_class=&#8220;txt-blanc&#8220;][vc_column][vc_row_inner][vc_column_inner width=&#8220;1\/4&#8243;][\/vc_column_inner][vc_column_inner width=&#8220;1\/2&#8243;][vc_column_text css=&#8220;&#8220; el_class=&#8220;h2 upper habillage-trait&#8220;]<\/p>\n<h3 style=\"text-align: center;\">Fertigung von mechanisch zerspanten Drehteilen nach Zeichnung in Mittel- und Gro\u03b2serien.<\/h3>\n<p>[\/vc_column_text][vc_column_text css=&#8220;&#8220;]<\/p>\n<p style=\"text-align: center;\">Das Unternehmen Georges Thevenet ist seit 1978 in den Hochsavoyen in Sallanches ans\u00e4ssig und spezialisiert auf die Drehteilfertigung und Feinmechanik.<\/p>\n<p>[\/vc_column_text][\/vc_column_inner][vc_column_inner width=&#8220;1\/4&#8243;][\/vc_column_inner][\/vc_row_inner][\/vc_column][\/vc_row][vc_row][vc_column width=&#8220;1\/4&#8243; offset=&#8220;vc_hidden-md vc_hidden-sm vc_hidden-xs&#8220;][\/vc_column][vc_column offset=&#8220;vc_col-lg-6&#8243;][vc_empty_space height=&#8220;200px&#8220; el_class=&#8220;espace-video&#8220;][\/vc_column][vc_column width=&#8220;1\/4&#8243; offset=&#8220;vc_hidden-md vc_hidden-sm vc_hidden-xs&#8220;][\/vc_column][\/vc_row][vc_row full_width=&#8220;stretch_row&#8220; el_class=&#8220;mask-encart-full mask-encart-full-grande-taille&#8220;][vc_column][vc_column_text css=&#8220;&#8220; el_class=&#8220;h2 upper&#8220;]<\/p>\n<p style=\"text-align: center;\">&#8211; Das Unternehmen Thevenet &#8211;<\/p>\n<p>[\/vc_column_text][\/vc_column][vc_column width=&#8220;1\/2&#8243;][vc_column_text css=&#8220;&#8220;]Das Unternehmen besitzt einen\u00a0<a href=\"\/de\/maschinenpark\/\">leistungsf\u00e4higen Maschinenpark<\/a>\u00a0mit 17 Mehrspindlern und CNC Drehern f\u00fcr die Fertigung von Drehteilen Durchmesser 3 \u2013 40 mm.<\/p>\n<p>Zerspanen von allen Werkstoffen wie zum Beispiel Edelstahl, g\u00e4ngige St\u00e4hle, Sonderst\u00e4hle, Messing, Neusilber, Aluminium,\u2026<\/p>\n<p>Das seit mehr als 10 Jahren\u00a0<a href=\"\/de\/zertifizierung.html\">ISO 9001 V2015 zertifizierte<\/a>\u00a0Unternehmen zeichnet sich durch den starken Einsatz seiner Mitarbeiter<\/p>\n<p>und deren Willen Kundenanspr\u00fcchen in Hinblick auf Qualit\u00e4t und Service Gerecht zu werden aus.<\/p>\n<p>2 Kamera unterst\u00fctzte Sortiermaschinen garantieren eine 100% Kontrolle besonderer Merkmale Ihrer Spanteile.<\/p>\n<p>Dank unserer qualifizierten Mitarbeiter, deren hervorragenden Kenntnissen von Metalllegierungen, innovativer und leistungsstarker Maschinen, sowie einem besonderen Know How f\u00fcr deren Einstellungen kann die Firma Georges THEVENET alle Ihre Anfragen \u00fcber Preise, Qualit\u00e4t und Termine beantworten.<\/p>\n<p>Wir liegen am Fu\u03b2e des Mont Blancs \u2013 Umweltschutz ein daher ein wichtiges Thema f\u00fcr uns.[\/vc_column_text][vc_empty_space][\/vc_column][vc_column width=&#8220;1\/2&#8243;][vc_single_image image=&#8220;179&#8243; img_size=&#8220;full&#8220; alignment=&#8220;center&#8220; css_animation=&#8220;fadeInRight&#8220; css=&#8220;&#8220;][\/vc_column][\/vc_row][vc_row el_class=&#8220;encart-devis txt-blanc&#8220;][vc_column][vc_column_text css=&#8220;&#8220; el_class=&#8220;h1 upper&#8220;]<\/p>\n<p style=\"text-align: center;\"><span class=\"fort\">F\u00fcr alle Fragen und Angebotsanfragen<\/span><\/p>\n<p>[\/vc_column_text][vc_btn title=&#8220;Kontakt&#8220; style=&#8220;custom&#8220; custom_background=&#8220;#fee15e&#8220; custom_text=&#8220;#000000&#8243; shape=&#8220;square&#8220; align=&#8220;center&#8220; css=&#8220;&#8220; link=&#8220;url:%2Fde%2Fkontakt&#8220; el_class=&#8220;btn-savoir-plus btn-jaune&#8220;][\/vc_column][\/vc_row][vc_row][vc_column][vc_empty_space][\/vc_column][\/vc_row]<\/p>\n<\/div>","protected":false},"excerpt":{"rendered":"<p>[vc_row][vc_column][vc_empty_space][\/vc_column][\/vc_row][vc_row full_width=&#8220;stretch_row_content_no_spaces&#8220; el_class=&#8220;txt-blanc&#8220;][vc_column][vc_row_inner][vc_column_inner width=&#8220;1\/4&#8243;][\/vc_column_inner][vc_column_inner width=&#8220;1\/2&#8243;][vc_column_text css=&#8220;&#8220; el_class=&#8220;h2 upper habillage-trait&#8220;] Fertigung von mechanisch zerspanten Drehteilen nach Zeichnung in Mittel- und Gro\u03b2serien. [\/vc_column_text][vc_column_text css=&#8220;&#8220;] Das Unternehmen Georges Thevenet<span class=\"excerpt-hellip\"> [\u2026]<\/span><\/p>\n","protected":false},"author":1,"featured_media":0,"parent":0,"menu_order":0,"comment_status":"closed","ping_status":"closed","template":"","meta":{"footnotes":""},"yoast_head":"<!-- This site is optimized with the Yoast SEO plugin v24.5 - https:\/\/yoast.com\/wordpress\/plugins\/seo\/ -->\n<title>Unternehmen f\u00fcr Pr\u00e4zisionsmechanik-Dreharbeiten<\/title>\n<meta name=\"description\" content=\"Thevenet D\u00e9colletage ist auf die Herstellung von bearbeiteten mechanischen Teilen nach Plan spezialisiert, die aus der Automatendreherei f\u00fcr mittlere und gro\u00dfe Serien stammen. Nehmen Sie mit uns Kontakt auf!\" \/>\n<meta name=\"robots\" content=\"index, follow, max-snippet:-1, max-image-preview:large, max-video-preview:-1\" \/>\n<link rel=\"canonical\" href=\"https:\/\/www.thevenet-decolletage.fr\/de\/wer-sind-wir\/\" \/>\n<meta property=\"og:locale\" content=\"de_DE\" \/>\n<meta property=\"og:type\" content=\"article\" \/>\n<meta property=\"og:title\" content=\"Unternehmen f\u00fcr Pr\u00e4zisionsmechanik-Dreharbeiten\" \/>\n<meta property=\"og:description\" content=\"Thevenet D\u00e9colletage ist auf die Herstellung von bearbeiteten mechanischen Teilen nach Plan spezialisiert, die aus der Automatendreherei f\u00fcr mittlere und gro\u00dfe Serien stammen. Nehmen Sie mit uns Kontakt auf!\" \/>\n<meta property=\"og:url\" content=\"https:\/\/www.thevenet-decolletage.fr\/de\/wer-sind-wir\/\" \/>\n<meta property=\"og:site_name\" content=\"www.thevenet-decolletage.fr\/de\" \/>\n<meta property=\"article:modified_time\" content=\"2024-10-01T10:08:41+00:00\" \/>\n<meta name=\"twitter:card\" content=\"summary_large_image\" \/>\n<meta name=\"twitter:label1\" content=\"Gesch\u00e4tzte Lesezeit\" \/>\n\t<meta name=\"twitter:data1\" content=\"2\u00a0Minuten\" \/>\n<script type=\"application\/ld+json\" class=\"yoast-schema-graph\">{\"@context\":\"https:\/\/schema.org\",\"@graph\":[{\"@type\":\"WebPage\",\"@id\":\"https:\/\/www.thevenet-decolletage.fr\/de\/wer-sind-wir\/\",\"url\":\"https:\/\/www.thevenet-decolletage.fr\/de\/wer-sind-wir\/\",\"name\":\"Unternehmen f\u00fcr Pr\u00e4zisionsmechanik-Dreharbeiten\",\"isPartOf\":{\"@id\":\"https:\/\/www.thevenet-decolletage.fr\/de\/#website\"},\"datePublished\":\"2024-06-13T14:59:02+00:00\",\"dateModified\":\"2024-10-01T10:08:41+00:00\",\"description\":\"Thevenet D\u00e9colletage ist auf die Herstellung von bearbeiteten mechanischen Teilen nach Plan spezialisiert, die aus der Automatendreherei f\u00fcr mittlere und gro\u00dfe Serien stammen. Nehmen Sie mit uns Kontakt auf!\",\"breadcrumb\":{\"@id\":\"https:\/\/www.thevenet-decolletage.fr\/de\/wer-sind-wir\/#breadcrumb\"},\"inLanguage\":\"de\",\"potentialAction\":[{\"@type\":\"ReadAction\",\"target\":[\"https:\/\/www.thevenet-decolletage.fr\/de\/wer-sind-wir\/\"]}]},{\"@type\":\"BreadcrumbList\",\"@id\":\"https:\/\/www.thevenet-decolletage.fr\/de\/wer-sind-wir\/#breadcrumb\",\"itemListElement\":[{\"@type\":\"ListItem\",\"position\":1,\"name\":\"Accueil\",\"item\":\"https:\/\/www.thevenet-decolletage.fr\/de\/\"},{\"@type\":\"ListItem\",\"position\":2,\"name\":\"Wer sind wir?\"}]},{\"@type\":\"WebSite\",\"@id\":\"https:\/\/www.thevenet-decolletage.fr\/de\/#website\",\"url\":\"https:\/\/www.thevenet-decolletage.fr\/de\/\",\"name\":\"Thevenet D\u00e9colletage Deutsch\",\"description\":\"\",\"potentialAction\":[{\"@type\":\"SearchAction\",\"target\":{\"@type\":\"EntryPoint\",\"urlTemplate\":\"https:\/\/www.thevenet-decolletage.fr\/de\/?s={search_term_string}\"},\"query-input\":{\"@type\":\"PropertyValueSpecification\",\"valueRequired\":true,\"valueName\":\"search_term_string\"}}],\"inLanguage\":\"de\"}]}<\/script>\n<!-- \/ Yoast SEO plugin. -->","yoast_head_json":{"title":"Unternehmen f\u00fcr Pr\u00e4zisionsmechanik-Dreharbeiten","description":"Thevenet D\u00e9colletage ist auf die Herstellung von bearbeiteten mechanischen Teilen nach Plan spezialisiert, die aus der Automatendreherei f\u00fcr mittlere und gro\u00dfe Serien stammen. Nehmen Sie mit uns Kontakt auf!","robots":{"index":"index","follow":"follow","max-snippet":"max-snippet:-1","max-image-preview":"max-image-preview:large","max-video-preview":"max-video-preview:-1"},"canonical":"https:\/\/www.thevenet-decolletage.fr\/de\/wer-sind-wir\/","og_locale":"de_DE","og_type":"article","og_title":"Unternehmen f\u00fcr Pr\u00e4zisionsmechanik-Dreharbeiten","og_description":"Thevenet D\u00e9colletage ist auf die Herstellung von bearbeiteten mechanischen Teilen nach Plan spezialisiert, die aus der Automatendreherei f\u00fcr mittlere und gro\u00dfe Serien stammen. Nehmen Sie mit uns Kontakt auf!","og_url":"https:\/\/www.thevenet-decolletage.fr\/de\/wer-sind-wir\/","og_site_name":"www.thevenet-decolletage.fr\/de","article_modified_time":"2024-10-01T10:08:41+00:00","twitter_card":"summary_large_image","twitter_misc":{"Gesch\u00e4tzte Lesezeit":"2\u00a0Minuten"},"schema":{"@context":"https:\/\/schema.org","@graph":[{"@type":"WebPage","@id":"https:\/\/www.thevenet-decolletage.fr\/de\/wer-sind-wir\/","url":"https:\/\/www.thevenet-decolletage.fr\/de\/wer-sind-wir\/","name":"Unternehmen f\u00fcr Pr\u00e4zisionsmechanik-Dreharbeiten","isPartOf":{"@id":"https:\/\/www.thevenet-decolletage.fr\/de\/#website"},"datePublished":"2024-06-13T14:59:02+00:00","dateModified":"2024-10-01T10:08:41+00:00","description":"Thevenet D\u00e9colletage ist auf die Herstellung von bearbeiteten mechanischen Teilen nach Plan spezialisiert, die aus der Automatendreherei f\u00fcr mittlere und gro\u00dfe Serien stammen. Nehmen Sie mit uns Kontakt auf!","breadcrumb":{"@id":"https:\/\/www.thevenet-decolletage.fr\/de\/wer-sind-wir\/#breadcrumb"},"inLanguage":"de","potentialAction":[{"@type":"ReadAction","target":["https:\/\/www.thevenet-decolletage.fr\/de\/wer-sind-wir\/"]}]},{"@type":"BreadcrumbList","@id":"https:\/\/www.thevenet-decolletage.fr\/de\/wer-sind-wir\/#breadcrumb","itemListElement":[{"@type":"ListItem","position":1,"name":"Accueil","item":"https:\/\/www.thevenet-decolletage.fr\/de\/"},{"@type":"ListItem","position":2,"name":"Wer sind wir?"}]},{"@type":"WebSite","@id":"https:\/\/www.thevenet-decolletage.fr\/de\/#website","url":"https:\/\/www.thevenet-decolletage.fr\/de\/","name":"Thevenet D\u00e9colletage Deutsch","description":"","potentialAction":[{"@type":"SearchAction","target":{"@type":"EntryPoint","urlTemplate":"https:\/\/www.thevenet-decolletage.fr\/de\/?s={search_term_string}"},"query-input":{"@type":"PropertyValueSpecification","valueRequired":true,"valueName":"search_term_string"}}],"inLanguage":"de"}]}},"_links":{"self":[{"href":"https:\/\/www.thevenet-decolletage.fr\/de\/wp-json\/wp\/v2\/pages\/414"}],"collection":[{"href":"https:\/\/www.thevenet-decolletage.fr\/de\/wp-json\/wp\/v2\/pages"}],"about":[{"href":"https:\/\/www.thevenet-decolletage.fr\/de\/wp-json\/wp\/v2\/types\/page"}],"author":[{"embeddable":true,"href":"https:\/\/www.thevenet-decolletage.fr\/de\/wp-json\/wp\/v2\/users\/1"}],"replies":[{"embeddable":true,"href":"https:\/\/www.thevenet-decolletage.fr\/de\/wp-json\/wp\/v2\/comments?post=414"}],"version-history":[{"count":12,"href":"https:\/\/www.thevenet-decolletage.fr\/de\/wp-json\/wp\/v2\/pages\/414\/revisions"}],"predecessor-version":[{"id":511,"href":"https:\/\/www.thevenet-decolletage.fr\/de\/wp-json\/wp\/v2\/pages\/414\/revisions\/511"}],"wp:attachment":[{"href":"https:\/\/www.thevenet-decolletage.fr\/de\/wp-json\/wp\/v2\/media?parent=414"}],"curies":[{"name":"wp","href":"https:\/\/api.w.org\/{rel}","templated":true}]}}