{"id":430,"date":"2024-06-13T17:45:09","date_gmt":"2024-06-13T15:45:09","guid":{"rendered":"https:\/\/www.thevenet-decolletage.fr\/de\/?page_id=430"},"modified":"2024-10-01T12:09:27","modified_gmt":"2024-10-01T10:09:27","slug":"zertifizierung","status":"publish","type":"page","link":"https:\/\/www.thevenet-decolletage.fr\/de\/zertifizierung\/","title":{"rendered":"Zertifizierung"},"content":{"rendered":"<div class=\"wpb-content-wrapper\"><p>[vc_row][vc_column][vc_empty_space][\/vc_column][\/vc_row][vc_row full_width=&#8220;stretch_row_content_no_spaces&#8220; el_class=&#8220;txt-blanc&#8220;][vc_column][vc_row_inner][vc_column_inner width=&#8220;1\/4&#8243;][\/vc_column_inner][vc_column_inner width=&#8220;1\/2&#8243;][vc_column_text css=&#8220;&#8220; el_class=&#8220;h2 upper habillage-trait&#8220;]<\/p>\n<h2 style=\"text-align: center;\">Qualit\u00e4tssicherung &amp; Qualit\u00e4tskontrolle<\/h2>\n<p>[\/vc_column_text][\/vc_column_inner][vc_column_inner width=&#8220;1\/4&#8243;][\/vc_column_inner][\/vc_row_inner][vc_row_inner][vc_column_inner width=&#8220;1\/2&#8243; css=&#8220;.vc_custom_1718279399754{padding-right: 20px !important;padding-left: 20px !important;}&#8220;][vc_column_text css=&#8220;&#8220; el_class=&#8220;demi-encart demi-encart-g&#8220;]Unsere Qualit\u00e4tssicherung garantiert unsere Leistung; dies best\u00e4tigt auch unsere\u00a0<strong>ISO 9001 Zertifizierung Version 2015<\/strong>.<\/p>\n<p>In die Fertigung integrierte kontinuirliche Kontrollen garantieren eine zuverl\u00e4ssige Produktion. Die dazugeh\u00f6rige EDV verwaltet die komplette\u00a0<strong>Zur\u00fcckverfolgbarkeit<\/strong>\u00a0unserer Produkte.<\/p>\n<p>Wir sind mit einer Kamera \u00fcberwachten Sortiermaschine + Rutsche ausgestattet, dank der 100% aller zylindrischen Teile, deren Durchmesser und L\u00e4ngen kontrolliert werden k\u00f6nnen. Weiterhin haben wir eine durch 4 Kameras \u00fcbewachte Tablett Sortiermaschine , die L\u00e4ngen, Durchmesser, vorhandenes Innengewinde, Sp\u00e4ne und weitere Merkmale pr\u00fcfen kann.[\/vc_column_text][vc_column_text css=&#8220;&#8220; el_class=&#8220;demi-encart demi-encart-g&#8220; el_id=&#8220;h3 upper&#8220;]<\/p>\n<h3>Metrologie Ausstattung :<\/h3>\n<p>[\/vc_column_text][vc_column_text css=&#8220;&#8220; el_class=&#8220;demi-encart demi-encart-g&#8220;]<\/p>\n<ul>\n<li>Profil Projektor<\/li>\n<li>Mikroscop<\/li>\n<li>Me\u03b2s\u00e4ulen<\/li>\n<li>Rauhigkeitsmesser<\/li>\n<li>Traditionelles Werkzeug der Metrologie (Mikrometer, Kontrollstempel, Ringe, Pr\u00fcfdorne, Keilma\u03b2e,\u2026)<\/li>\n<\/ul>\n<p>[\/vc_column_text][\/vc_column_inner][vc_column_inner width=&#8220;1\/2&#8243;][vc_single_image image=&#8220;432&#8243; img_size=&#8220;medium&#8220; alignment=&#8220;center&#8220; onclick=&#8220;custom_link&#8220; img_link_target=&#8220;_blank&#8220; css_animation=&#8220;fadeInRight&#8220; css=&#8220;&#8220; link=&#8220;\/wp-content\/uploads\/sites\/3\/2024\/06\/00042354-qms-frafr-ukas.pdf&#8220;][\/vc_column_inner][\/vc_row_inner][\/vc_column][\/vc_row][vc_row el_class=&#8220;encart-devis txt-blanc&#8220;][vc_column][vc_column_text css=&#8220;&#8220; el_class=&#8220;h1 upper&#8220;]<\/p>\n<p style=\"text-align: center;\"><span class=\"fort\">F\u00fcr alle Fragen und Angebotsanfragen<\/span><\/p>\n<p>[\/vc_column_text][vc_btn title=&#8220;Kontakt&#8220; style=&#8220;custom&#8220; custom_background=&#8220;#fee15e&#8220; custom_text=&#8220;#000000&#8243; shape=&#8220;square&#8220; align=&#8220;center&#8220; css=&#8220;&#8220; link=&#8220;url:%2Fde%2Fkontakt&#8220; el_class=&#8220;btn-savoir-plus btn-jaune&#8220;][\/vc_column][\/vc_row][vc_row][vc_column][vc_empty_space][\/vc_column][\/vc_row]<\/p>\n<\/div>","protected":false},"excerpt":{"rendered":"<p>[vc_row][vc_column][vc_empty_space][\/vc_column][\/vc_row][vc_row full_width=&#8220;stretch_row_content_no_spaces&#8220; el_class=&#8220;txt-blanc&#8220;][vc_column][vc_row_inner][vc_column_inner width=&#8220;1\/4&#8243;][\/vc_column_inner][vc_column_inner width=&#8220;1\/2&#8243;][vc_column_text css=&#8220;&#8220; el_class=&#8220;h2 upper habillage-trait&#8220;] Qualit\u00e4tssicherung &amp; Qualit\u00e4tskontrolle [\/vc_column_text][\/vc_column_inner][vc_column_inner width=&#8220;1\/4&#8243;][\/vc_column_inner][\/vc_row_inner][vc_row_inner][vc_column_inner width=&#8220;1\/2&#8243; css=&#8220;.vc_custom_1718279399754{padding-right: 20px !important;padding-left: 20px !important;}&#8220;][vc_column_text css=&#8220;&#8220; el_class=&#8220;demi-encart demi-encart-g&#8220;]Unsere Qualit\u00e4tssicherung garantiert unsere<span class=\"excerpt-hellip\"> [\u2026]<\/span><\/p>\n","protected":false},"author":1,"featured_media":0,"parent":0,"menu_order":0,"comment_status":"closed","ping_status":"closed","template":"","meta":{"footnotes":""},"yoast_head":"<!-- This site is optimized with the Yoast SEO plugin v24.5 - https:\/\/yoast.com\/wordpress\/plugins\/seo\/ -->\n<title>ISO 9001 Zertifizierung, Feinmechanische Bearbeitung Stangendreher<\/title>\n<meta name=\"description\" content=\"Thevenet D\u00e9colletage ist zertifiziert, um Qualit\u00e4tsarbeit zu garantieren. F\u00fcr Ihre Pr\u00e4zisionsbearbeitung und das Automatendrehen fordern Sie bitte ein Angebot an.\" \/>\n<meta name=\"robots\" content=\"index, follow, max-snippet:-1, max-image-preview:large, max-video-preview:-1\" \/>\n<link rel=\"canonical\" href=\"https:\/\/www.thevenet-decolletage.fr\/de\/zertifizierung\/\" \/>\n<meta property=\"og:locale\" content=\"de_DE\" \/>\n<meta property=\"og:type\" content=\"article\" \/>\n<meta property=\"og:title\" content=\"ISO 9001 Zertifizierung, Feinmechanische Bearbeitung Stangendreher\" \/>\n<meta property=\"og:description\" content=\"Thevenet D\u00e9colletage ist zertifiziert, um Qualit\u00e4tsarbeit zu garantieren. F\u00fcr Ihre Pr\u00e4zisionsbearbeitung und das Automatendrehen fordern Sie bitte ein Angebot an.\" \/>\n<meta property=\"og:url\" content=\"https:\/\/www.thevenet-decolletage.fr\/de\/zertifizierung\/\" \/>\n<meta property=\"og:site_name\" content=\"www.thevenet-decolletage.fr\/de\" \/>\n<meta property=\"article:modified_time\" content=\"2024-10-01T10:09:27+00:00\" \/>\n<meta name=\"twitter:card\" content=\"summary_large_image\" \/>\n<meta name=\"twitter:label1\" content=\"Gesch\u00e4tzte Lesezeit\" \/>\n\t<meta name=\"twitter:data1\" content=\"2\u00a0Minuten\" \/>\n<script type=\"application\/ld+json\" class=\"yoast-schema-graph\">{\"@context\":\"https:\/\/schema.org\",\"@graph\":[{\"@type\":\"WebPage\",\"@id\":\"https:\/\/www.thevenet-decolletage.fr\/de\/zertifizierung\/\",\"url\":\"https:\/\/www.thevenet-decolletage.fr\/de\/zertifizierung\/\",\"name\":\"ISO 9001 Zertifizierung, Feinmechanische Bearbeitung Stangendreher\",\"isPartOf\":{\"@id\":\"https:\/\/www.thevenet-decolletage.fr\/de\/#website\"},\"datePublished\":\"2024-06-13T15:45:09+00:00\",\"dateModified\":\"2024-10-01T10:09:27+00:00\",\"description\":\"Thevenet D\u00e9colletage ist zertifiziert, um Qualit\u00e4tsarbeit zu garantieren. F\u00fcr Ihre Pr\u00e4zisionsbearbeitung und das Automatendrehen fordern Sie bitte ein Angebot an.\",\"breadcrumb\":{\"@id\":\"https:\/\/www.thevenet-decolletage.fr\/de\/zertifizierung\/#breadcrumb\"},\"inLanguage\":\"de\",\"potentialAction\":[{\"@type\":\"ReadAction\",\"target\":[\"https:\/\/www.thevenet-decolletage.fr\/de\/zertifizierung\/\"]}]},{\"@type\":\"BreadcrumbList\",\"@id\":\"https:\/\/www.thevenet-decolletage.fr\/de\/zertifizierung\/#breadcrumb\",\"itemListElement\":[{\"@type\":\"ListItem\",\"position\":1,\"name\":\"Accueil\",\"item\":\"https:\/\/www.thevenet-decolletage.fr\/de\/\"},{\"@type\":\"ListItem\",\"position\":2,\"name\":\"Zertifizierung\"}]},{\"@type\":\"WebSite\",\"@id\":\"https:\/\/www.thevenet-decolletage.fr\/de\/#website\",\"url\":\"https:\/\/www.thevenet-decolletage.fr\/de\/\",\"name\":\"Thevenet D\u00e9colletage Deutsch\",\"description\":\"\",\"potentialAction\":[{\"@type\":\"SearchAction\",\"target\":{\"@type\":\"EntryPoint\",\"urlTemplate\":\"https:\/\/www.thevenet-decolletage.fr\/de\/?s={search_term_string}\"},\"query-input\":{\"@type\":\"PropertyValueSpecification\",\"valueRequired\":true,\"valueName\":\"search_term_string\"}}],\"inLanguage\":\"de\"}]}<\/script>\n<!-- \/ Yoast SEO plugin. -->","yoast_head_json":{"title":"ISO 9001 Zertifizierung, Feinmechanische Bearbeitung Stangendreher","description":"Thevenet D\u00e9colletage ist zertifiziert, um Qualit\u00e4tsarbeit zu garantieren. F\u00fcr Ihre Pr\u00e4zisionsbearbeitung und das Automatendrehen fordern Sie bitte ein Angebot an.","robots":{"index":"index","follow":"follow","max-snippet":"max-snippet:-1","max-image-preview":"max-image-preview:large","max-video-preview":"max-video-preview:-1"},"canonical":"https:\/\/www.thevenet-decolletage.fr\/de\/zertifizierung\/","og_locale":"de_DE","og_type":"article","og_title":"ISO 9001 Zertifizierung, Feinmechanische Bearbeitung Stangendreher","og_description":"Thevenet D\u00e9colletage ist zertifiziert, um Qualit\u00e4tsarbeit zu garantieren. F\u00fcr Ihre Pr\u00e4zisionsbearbeitung und das Automatendrehen fordern Sie bitte ein Angebot an.","og_url":"https:\/\/www.thevenet-decolletage.fr\/de\/zertifizierung\/","og_site_name":"www.thevenet-decolletage.fr\/de","article_modified_time":"2024-10-01T10:09:27+00:00","twitter_card":"summary_large_image","twitter_misc":{"Gesch\u00e4tzte Lesezeit":"2\u00a0Minuten"},"schema":{"@context":"https:\/\/schema.org","@graph":[{"@type":"WebPage","@id":"https:\/\/www.thevenet-decolletage.fr\/de\/zertifizierung\/","url":"https:\/\/www.thevenet-decolletage.fr\/de\/zertifizierung\/","name":"ISO 9001 Zertifizierung, Feinmechanische Bearbeitung Stangendreher","isPartOf":{"@id":"https:\/\/www.thevenet-decolletage.fr\/de\/#website"},"datePublished":"2024-06-13T15:45:09+00:00","dateModified":"2024-10-01T10:09:27+00:00","description":"Thevenet D\u00e9colletage ist zertifiziert, um Qualit\u00e4tsarbeit zu garantieren. F\u00fcr Ihre Pr\u00e4zisionsbearbeitung und das Automatendrehen fordern Sie bitte ein Angebot an.","breadcrumb":{"@id":"https:\/\/www.thevenet-decolletage.fr\/de\/zertifizierung\/#breadcrumb"},"inLanguage":"de","potentialAction":[{"@type":"ReadAction","target":["https:\/\/www.thevenet-decolletage.fr\/de\/zertifizierung\/"]}]},{"@type":"BreadcrumbList","@id":"https:\/\/www.thevenet-decolletage.fr\/de\/zertifizierung\/#breadcrumb","itemListElement":[{"@type":"ListItem","position":1,"name":"Accueil","item":"https:\/\/www.thevenet-decolletage.fr\/de\/"},{"@type":"ListItem","position":2,"name":"Zertifizierung"}]},{"@type":"WebSite","@id":"https:\/\/www.thevenet-decolletage.fr\/de\/#website","url":"https:\/\/www.thevenet-decolletage.fr\/de\/","name":"Thevenet D\u00e9colletage Deutsch","description":"","potentialAction":[{"@type":"SearchAction","target":{"@type":"EntryPoint","urlTemplate":"https:\/\/www.thevenet-decolletage.fr\/de\/?s={search_term_string}"},"query-input":{"@type":"PropertyValueSpecification","valueRequired":true,"valueName":"search_term_string"}}],"inLanguage":"de"}]}},"_links":{"self":[{"href":"https:\/\/www.thevenet-decolletage.fr\/de\/wp-json\/wp\/v2\/pages\/430"}],"collection":[{"href":"https:\/\/www.thevenet-decolletage.fr\/de\/wp-json\/wp\/v2\/pages"}],"about":[{"href":"https:\/\/www.thevenet-decolletage.fr\/de\/wp-json\/wp\/v2\/types\/page"}],"author":[{"embeddable":true,"href":"https:\/\/www.thevenet-decolletage.fr\/de\/wp-json\/wp\/v2\/users\/1"}],"replies":[{"embeddable":true,"href":"https:\/\/www.thevenet-decolletage.fr\/de\/wp-json\/wp\/v2\/comments?post=430"}],"version-history":[{"count":9,"href":"https:\/\/www.thevenet-decolletage.fr\/de\/wp-json\/wp\/v2\/pages\/430\/revisions"}],"predecessor-version":[{"id":507,"href":"https:\/\/www.thevenet-decolletage.fr\/de\/wp-json\/wp\/v2\/pages\/430\/revisions\/507"}],"wp:attachment":[{"href":"https:\/\/www.thevenet-decolletage.fr\/de\/wp-json\/wp\/v2\/media?parent=430"}],"curies":[{"name":"wp","href":"https:\/\/api.w.org\/{rel}","templated":true}]}}